{"id":2243,"date":"2023-09-27T12:36:42","date_gmt":"2023-09-27T10:36:42","guid":{"rendered":"https:\/\/brbni.com\/catalogue\/"},"modified":"2025-10-07T09:36:36","modified_gmt":"2025-10-07T07:36:36","slug":"catalogue","status":"publish","type":"page","link":"https:\/\/brbni.com\/fr\/catalogue\/","title":{"rendered":"Catalogue"},"content":{"rendered":"<p><div class=\"fusion-fullwidth fullwidth-box fusion-builder-row-1 fusion-flex-container has-pattern-background has-mask-background nonhundred-percent-fullwidth non-hundred-percent-height-scrolling\" style=\"--awb-border-radius-top-left:0px;--awb-border-radius-top-right:0px;--awb-border-radius-bottom-right:0px;--awb-border-radius-bottom-left:0px;--awb-padding-top:50px;--awb-padding-bottom:55px;--awb-padding-top-medium:30px;--awb-padding-bottom-medium:35px;--awb-flex-wrap:wrap;\" ><div class=\"fusion-builder-row fusion-row fusion-flex-align-items-flex-start fusion-flex-align-content-center fusion-flex-content-wrap\" style=\"max-width:1248px;margin-left: calc(-4% \/ 2 );margin-right: calc(-4% \/ 2 );\"><div class=\"fusion-layout-column fusion_builder_column fusion-builder-column-0 fusion_builder_column_1_1 1_1 fusion-flex-column\" style=\"--awb-bg-size:cover;--awb-width-large:100%;--awb-margin-top-large:0px;--awb-spacing-right-large:1.92%;--awb-margin-bottom-large:0px;--awb-spacing-left-large:1.92%;--awb-width-medium:100%;--awb-order-medium:0;--awb-spacing-right-medium:1.92%;--awb-spacing-left-medium:1.92%;--awb-width-small:100%;--awb-order-small:0;--awb-spacing-right-small:1.92%;--awb-spacing-left-small:1.92%;\"><div class=\"fusion-column-wrapper fusion-column-has-shadow fusion-flex-justify-content-flex-start fusion-content-layout-column\"><div class=\"fusion-title title fusion-title-1 fusion-sep-none fusion-title-center fusion-title-text fusion-title-size-three\" style=\"--awb-text-color:var(--awb-color2);--awb-margin-top-small:0px;--awb-margin-right-small:0px;--awb-margin-bottom-small:0px;--awb-margin-left-small:0px;\"><h3 class=\"fusion-title-heading title-heading-center\" style=\"margin:0;line-height:1;\">D\u00e9couvrez le Nouveau Catalogue de Recherche de Composants: Naviguer n\u2019a jamais \u00e9t\u00e9 plus simple!<\/h3><\/div><div class=\"fusion-text fusion-text-1 fusion-text-no-margin\" style=\"--awb-content-alignment:center;--awb-margin-bottom:50px;\"><p>Nous sommes ravis de vous pr\u00e9senter notre innovant catalogue de recherche de produits, con\u00e7u avec une seule mission: rendre votre exp\u00e9rience de navigation plus fluide, intuitive et satisfaisante. Gr\u00e2ce \u00e0 notre syst\u00e8me de filtrage avanc\u00e9, vous pourrez trouver exactement ce que vous cherchez en quelques secondes. Oubliez les longues listes de produits non pertinents et concentrez-vous uniquement sur ce qui compte vraiment pour vous. Chaque produit est accompagn\u00e9 d\u2019images et descriptions d\u00e9taill\u00e9es, afin de vous garantir une vision claire de ce que vous \u00eates sur le point d\u2019acheter.<\/p>\n<\/div><div class=\"fusion-title title fusion-title-2 fusion-sep-none fusion-title-center fusion-title-text fusion-title-size-two\" style=\"--awb-text-color:var(--awb-color4);--awb-margin-bottom:0px;--awb-margin-top-small:0px;--awb-margin-right-small:0px;--awb-margin-bottom-small:0px;--awb-margin-left-small:0px;\"><h2 class=\"fusion-title-heading title-heading-center\" style=\"margin:0;text-transform:uppercase;line-height:1;\">Trouvez le composant id\u00e9al pour vos exigences<\/h2><\/div><\/div><\/div><\/div><\/div><div class=\"fusion-fullwidth fullwidth-box fusion-builder-row-2 fusion-flex-container nonhundred-percent-fullwidth non-hundred-percent-height-scrolling\" style=\"--awb-border-radius-top-left:0px;--awb-border-radius-top-right:0px;--awb-border-radius-bottom-right:0px;--awb-border-radius-bottom-left:0px;--awb-padding-bottom:30px;--awb-flex-wrap:wrap;\" ><div class=\"fusion-builder-row fusion-row fusion-flex-align-items-flex-start fusion-flex-content-wrap\" style=\"max-width:1248px;margin-left: calc(-4% \/ 2 );margin-right: calc(-4% \/ 2 );\"><div class=\"fusion-layout-column fusion_builder_column fusion-builder-column-1 fusion_builder_column_1_1 1_1 fusion-flex-column\" style=\"--awb-bg-size:cover;--awb-width-large:100%;--awb-margin-top-large:0px;--awb-spacing-right-large:1.92%;--awb-margin-bottom-large:20px;--awb-spacing-left-large:1.92%;--awb-width-medium:100%;--awb-order-medium:0;--awb-spacing-right-medium:1.92%;--awb-spacing-left-medium:1.92%;--awb-width-small:100%;--awb-order-small:0;--awb-spacing-right-small:1.92%;--awb-spacing-left-small:1.92%;\"><div class=\"fusion-column-wrapper fusion-column-has-shadow fusion-flex-justify-content-flex-start fusion-content-layout-column\"><iframe src=\"https:\/\/shop.brbni.com\/fr\/\" width=\"100%\" height=\"1600px\" id=\"target\"><\/iframe>\n<style>\n#target{\noverflow:hidden\n}\n<\/style>\n<script>\n      let iframe = document.querySelector(\"#target\");\n\n\twindow.addEventListener('message', function(e) {\n\t\t\/\/ message that was passed from iframe page\n\t\tlet message = e.data;\n\/\/console.log(message);\n\t\tiframe.style.height = message.height + 'px';\n\t\tiframe.style.width = message.width + 'px';\n      if(message.scroll){\n      \tjQuery(\"html\").scrollTop(400);\n      }\n\t} , false);\n    <\/script><\/div><\/div><\/div><\/div><\/p>\n","protected":false},"excerpt":{"rendered":"","protected":false},"author":1,"featured_media":0,"parent":0,"menu_order":0,"comment_status":"closed","ping_status":"closed","template":"100-width.php","meta":{"_joinchat":[],"footnotes":""},"class_list":["post-2243","page","type-page","status-publish","hentry"],"_links":{"self":[{"href":"https:\/\/brbni.com\/fr\/wp-json\/wp\/v2\/pages\/2243","targetHints":{"allow":["GET"]}}],"collection":[{"href":"https:\/\/brbni.com\/fr\/wp-json\/wp\/v2\/pages"}],"about":[{"href":"https:\/\/brbni.com\/fr\/wp-json\/wp\/v2\/types\/page"}],"author":[{"embeddable":true,"href":"https:\/\/brbni.com\/fr\/wp-json\/wp\/v2\/users\/1"}],"replies":[{"embeddable":true,"href":"https:\/\/brbni.com\/fr\/wp-json\/wp\/v2\/comments?post=2243"}],"version-history":[{"count":3,"href":"https:\/\/brbni.com\/fr\/wp-json\/wp\/v2\/pages\/2243\/revisions"}],"predecessor-version":[{"id":2246,"href":"https:\/\/brbni.com\/fr\/wp-json\/wp\/v2\/pages\/2243\/revisions\/2246"}],"wp:attachment":[{"href":"https:\/\/brbni.com\/fr\/wp-json\/wp\/v2\/media?parent=2243"}],"curies":[{"name":"wp","href":"https:\/\/api.w.org\/{rel}","templated":true}]}}