{"id":2239,"date":"2022-08-22T10:26:01","date_gmt":"2022-08-22T08:26:01","guid":{"rendered":"https:\/\/brbni.com\/a-propos-de-nous\/"},"modified":"2025-10-07T09:08:49","modified_gmt":"2025-10-07T07:08:49","slug":"a-propos-de-nous","status":"publish","type":"page","link":"https:\/\/brbni.com\/fr\/a-propos-de-nous\/","title":{"rendered":"\u00c0 propos de nous"},"content":{"rendered":"<div class=\"fusion-fullwidth fullwidth-box fusion-builder-row-1 fusion-flex-container nonhundred-percent-fullwidth non-hundred-percent-height-scrolling\" style=\"--awb-border-radius-top-left:0px;--awb-border-radius-top-right:0px;--awb-border-radius-bottom-right:0px;--awb-border-radius-bottom-left:0px;--awb-flex-wrap:wrap;\" ><div class=\"fusion-builder-row fusion-row fusion-flex-align-items-flex-start fusion-flex-content-wrap\" style=\"max-width:calc( 1200px + 80px );margin-left: calc(-80px \/ 2 );margin-right: calc(-80px \/ 2 );\"><div class=\"fusion-layout-column fusion_builder_column fusion-builder-column-0 fusion_builder_column_1_2 1_2 fusion-flex-column\" style=\"--awb-bg-size:cover;--awb-width-large:50%;--awb-margin-top-large:0px;--awb-spacing-right-large:40px;--awb-margin-bottom-large:20px;--awb-spacing-left-large:40px;--awb-width-medium:50%;--awb-order-medium:0;--awb-spacing-right-medium:40px;--awb-spacing-left-medium:40px;--awb-width-small:100%;--awb-order-small:0;--awb-spacing-right-small:40px;--awb-spacing-left-small:40px;\"><div class=\"fusion-column-wrapper fusion-column-has-shadow fusion-flex-justify-content-flex-start fusion-content-layout-column\"><div class=\"fusion-image-element \" style=\"--awb-caption-title-font-family:var(--h2_typography-font-family);--awb-caption-title-font-weight:var(--h2_typography-font-weight);--awb-caption-title-font-style:var(--h2_typography-font-style);--awb-caption-title-size:var(--h2_typography-font-size);--awb-caption-title-transform:var(--h2_typography-text-transform);--awb-caption-title-line-height:var(--h2_typography-line-height);--awb-caption-title-letter-spacing:var(--h2_typography-letter-spacing);\"><span class=\" fusion-imageframe imageframe-none imageframe-1 hover-type-none\"><img decoding=\"async\" width=\"1088\" height=\"750\" title=\"esploso-ok\" src=\"https:\/\/brbni.com\/wp-content\/uploads\/2022\/08\/esploso-ok.png\" alt class=\"img-responsive wp-image-54\" srcset=\"https:\/\/brbni.com\/wp-content\/uploads\/2022\/08\/esploso-ok-200x138.png 200w, https:\/\/brbni.com\/wp-content\/uploads\/2022\/08\/esploso-ok-400x276.png 400w, https:\/\/brbni.com\/wp-content\/uploads\/2022\/08\/esploso-ok-600x414.png 600w, https:\/\/brbni.com\/wp-content\/uploads\/2022\/08\/esploso-ok-800x551.png 800w, https:\/\/brbni.com\/wp-content\/uploads\/2022\/08\/esploso-ok.png 1088w\" sizes=\"(max-width: 767px) 100vw, 600px\" \/><\/span><\/div><\/div><\/div><div class=\"fusion-layout-column fusion_builder_column fusion-builder-column-1 fusion_builder_column_1_2 1_2 fusion-flex-column\" style=\"--awb-bg-size:cover;--awb-width-large:50%;--awb-margin-top-large:0px;--awb-spacing-right-large:40px;--awb-margin-bottom-large:20px;--awb-spacing-left-large:40px;--awb-width-medium:50%;--awb-order-medium:0;--awb-spacing-right-medium:40px;--awb-spacing-left-medium:40px;--awb-width-small:100%;--awb-order-small:0;--awb-spacing-right-small:40px;--awb-spacing-left-small:40px;\"><div class=\"fusion-column-wrapper fusion-column-has-shadow fusion-flex-justify-content-flex-start fusion-content-layout-column\"><div class=\"fusion-image-element \" style=\"--awb-margin-bottom:15px;--awb-caption-title-font-family:var(--h2_typography-font-family);--awb-caption-title-font-weight:var(--h2_typography-font-weight);--awb-caption-title-font-style:var(--h2_typography-font-style);--awb-caption-title-size:var(--h2_typography-font-size);--awb-caption-title-transform:var(--h2_typography-text-transform);--awb-caption-title-line-height:var(--h2_typography-line-height);--awb-caption-title-letter-spacing:var(--h2_typography-letter-spacing);\"><span class=\" fusion-imageframe imageframe-none imageframe-2 hover-type-none\"><img decoding=\"async\" width=\"104\" height=\"40\" title=\"brbni\" src=\"https:\/\/brbni.com\/wp-content\/uploads\/2022\/08\/brbni.png\" alt class=\"img-responsive wp-image-52\"\/><\/span><\/div><div class=\"fusion-title title fusion-title-1 fusion-sep-none fusion-title-text fusion-title-size-three\" style=\"--awb-text-color:var(--awb-color4);--awb-margin-top-small:0px;--awb-margin-right-small:0px;--awb-margin-bottom-small:10px;--awb-margin-left-small:0px;\"><h3 class=\"fusion-title-heading title-heading-left\" style=\"margin:0;\"><p>LA NOUVELLE GAMME DE COMPOSANTS EN ABS<br \/>\nby Carfibreglass<\/p><\/h3><\/div><div class=\"fusion-text fusion-text-1\" style=\"--awb-text-transform:none;\"><p>La marque <strong>BRBNI<\/strong> est n\u00e9e en 2022 de l\u2019exp\u00e9rience acquise par <strong><br \/>\n  <a style=\"color: #005192;\" href=\"https:\/\/www.carfibreglass.com\/\" target=\"_blank\" rel=\"noopener\">Carfibreglass<\/a><br \/>\n<\/strong> dans la fourniture de composants aux am\u00e9nageurs de v\u00e9hicules utilitaires.<\/p>\n<p>La demande croissante, la diversification des am\u00e9nagements et la n\u00e9cessit\u00e9 d\u2019utiliser des composants faciles \u00e0 installer, ont conduit \u00e0 la cr\u00e9ation d\u2019une ligne d\u00e9di\u00e9e, con\u00e7ue justement pour r\u00e9pondre aux besoins des carrossiers.<\/p>\n<p>Les composants <strong>BRBNI<\/strong>, d\u00e9velopp\u00e9s sur la base des mod\u00e8les 3D du constructeur du v\u00e9hicule, permettent aux carrossiers de trouver des \u00e9l\u00e9ments en ABS pr\u00eats \u00e0 l\u2019emploi, id\u00e9aux et comme compl\u00e9ment et comme base pour des am\u00e9nagements personnalis\u00e9s.<\/p>\n<p>Les composants sont disponibles en 3 couleurs diff\u00e9rentes (blanche, beige et grise), avec des \u00e9paisseurs et des finitions diff\u00e9rents (lisse ou gaufr\u00e9), et avec la possibilit\u00e9 d\u2019ajouter, ou pas, une isolation thermique. Ils s&rsquo;agit toujours d&rsquo;\u00e9l\u00e9mets rapides \u00e0 installer gr\u00e2ce aux rivets ou autres mat\u00e9riaux plastiques.<\/p>\n<\/div><\/div><\/div><\/div><\/div>\n","protected":false},"excerpt":{"rendered":"","protected":false},"author":1,"featured_media":0,"parent":0,"menu_order":0,"comment_status":"closed","ping_status":"closed","template":"100-width.php","meta":{"_joinchat":[],"footnotes":""},"class_list":["post-2239","page","type-page","status-publish","hentry"],"_links":{"self":[{"href":"https:\/\/brbni.com\/fr\/wp-json\/wp\/v2\/pages\/2239","targetHints":{"allow":["GET"]}}],"collection":[{"href":"https:\/\/brbni.com\/fr\/wp-json\/wp\/v2\/pages"}],"about":[{"href":"https:\/\/brbni.com\/fr\/wp-json\/wp\/v2\/types\/page"}],"author":[{"embeddable":true,"href":"https:\/\/brbni.com\/fr\/wp-json\/wp\/v2\/users\/1"}],"replies":[{"embeddable":true,"href":"https:\/\/brbni.com\/fr\/wp-json\/wp\/v2\/comments?post=2239"}],"version-history":[{"count":2,"href":"https:\/\/brbni.com\/fr\/wp-json\/wp\/v2\/pages\/2239\/revisions"}],"predecessor-version":[{"id":2241,"href":"https:\/\/brbni.com\/fr\/wp-json\/wp\/v2\/pages\/2239\/revisions\/2241"}],"wp:attachment":[{"href":"https:\/\/brbni.com\/fr\/wp-json\/wp\/v2\/media?parent=2239"}],"curies":[{"name":"wp","href":"https:\/\/api.w.org\/{rel}","templated":true}]}}